{"id":19,"date":"2016-04-21T19:06:58","date_gmt":"2016-04-21T19:06:58","guid":{"rendered":"http:\/\/green-acoustics.ro\/?page_id=19"},"modified":"2016-04-21T19:06:58","modified_gmt":"2016-04-21T19:06:58","slug":"protectia-la-vibratii-si-socuri","status":"publish","type":"page","link":"https:\/\/www.green-acoustics.ro\/en\/protectia-la-vibratii-si-socuri\/","title":{"rendered":"Vibration and Shock Protection"},"content":{"rendered":"<p>With multi-channel measuring the vibration levels can be determined synchronously over a wide frequency range. This allows the measurements to detect the vibration transmissibility in the ground and in buildings to determine the vibration effects on humans, buildings or sensitive facilities.<\/p>\n<p>With multiple measurements of this kind, for example we are able to determine an impermissible impact on local residents from existing or future rail transport. This also allows us to assess whether additional measures are necessary for the construction of housing near rail lines.<\/p>\n<p>The monitoring of sensitive (listed) buildings during the completion of construction (piling, pile driving or demolition) is part of our&#8217;s range of servicesWith our measuring equipment we are able to identify signals exceeding limiting values and activating in real time any alarm, such as a rotating warning light or a sms.<\/p>\n<p>We perform vibration measurements and assessments also for the interpretation of vibration insulation of machines, to protect sensitive measurement or manufacturing facilities in buildings against external initiated shocks (such as caused by a nearby subway); or for the reduction of secondary airborne sound in lecture rooms (such as a concert halls etc).<\/p>","protected":false},"excerpt":{"rendered":"<p>With multi-channel measuring the vibration levels can be determined synchronously over a wide frequency range. This allows the measurements to detect the vibration transmissibility in the ground and in buildings to determine the vibration effects on humans, buildings or sensitive facilities. With multiple measurements of this kind, for example we are able to determine an [&hellip;]<\/p>\n","protected":false},"author":1,"featured_media":0,"parent":0,"menu_order":0,"comment_status":"closed","ping_status":"closed","template":"","meta":{"_mi_skip_tracking":false,"_monsterinsights_sitenote_active":false,"_monsterinsights_sitenote_note":"","_monsterinsights_sitenote_category":0,"footnotes":""},"yoast_head":"<!-- This site is optimized with the Yoast SEO plugin v21.6 - https:\/\/yoast.com\/wordpress\/plugins\/seo\/ -->\n<title>Vibration and Shock Protection - Green Acoustics<\/title>\n<meta name=\"robots\" content=\"index, follow, max-snippet:-1, max-image-preview:large, max-video-preview:-1\" \/>\n<link rel=\"canonical\" href=\"https:\/\/www.green-acoustics.ro\/protectia-la-vibratii-si-socuri\/\" \/>\n<meta property=\"og:locale\" content=\"en_US\" \/>\n<meta property=\"og:type\" content=\"article\" \/>\n<meta property=\"og:title\" content=\"Vibration and Shock Protection - Green Acoustics\" \/>\n<meta property=\"og:description\" content=\"With multi-channel measuring the vibration levels can be determined synchronously over a wide frequency range. This allows the measurements to detect the vibration transmissibility in the ground and in buildings to determine the vibration effects on humans, buildings or sensitive facilities. With multiple measurements of this kind, for example we are able to determine an [&hellip;]\" \/>\n<meta property=\"og:url\" content=\"https:\/\/www.green-acoustics.ro\/protectia-la-vibratii-si-socuri\/\" \/>\n<meta property=\"og:site_name\" content=\"Green Acoustics\" \/>\n<meta property=\"article:publisher\" content=\"https:\/\/www.facebook.com\/Green-Acoustics-220300775012960\" \/>\n<meta name=\"twitter:card\" content=\"summary_large_image\" \/>\n<meta name=\"twitter:label1\" content=\"Est. reading time\" \/>\n\t<meta name=\"twitter:data1\" content=\"2 minutes\" \/>\n<script type=\"application\/ld+json\" class=\"yoast-schema-graph\">{\"@context\":\"https:\/\/schema.org\",\"@graph\":[{\"@type\":\"WebPage\",\"@id\":\"https:\/\/www.green-acoustics.ro\/protectia-la-vibratii-si-socuri\/\",\"url\":\"https:\/\/www.green-acoustics.ro\/protectia-la-vibratii-si-socuri\/\",\"name\":\"Vibration and Shock Protection - Green Acoustics\",\"isPartOf\":{\"@id\":\"https:\/\/www.green-acoustics.ro\/#website\"},\"datePublished\":\"2016-04-21T19:06:58+00:00\",\"dateModified\":\"2016-04-21T19:06:58+00:00\",\"breadcrumb\":{\"@id\":\"https:\/\/www.green-acoustics.ro\/protectia-la-vibratii-si-socuri\/#breadcrumb\"},\"inLanguage\":\"en-US\",\"potentialAction\":[{\"@type\":\"ReadAction\",\"target\":[\"https:\/\/www.green-acoustics.ro\/protectia-la-vibratii-si-socuri\/\"]}]},{\"@type\":\"BreadcrumbList\",\"@id\":\"https:\/\/www.green-acoustics.ro\/protectia-la-vibratii-si-socuri\/#breadcrumb\",\"itemListElement\":[{\"@type\":\"ListItem\",\"position\":1,\"name\":\"Prima pagin\u0103\",\"item\":\"https:\/\/www.green-acoustics.ro\/\"},{\"@type\":\"ListItem\",\"position\":2,\"name\":\"Protec\u0163ia la vibra\u0163ii \u015fi \u015focuri\"}]},{\"@type\":\"WebSite\",\"@id\":\"https:\/\/www.green-acoustics.ro\/#website\",\"url\":\"https:\/\/www.green-acoustics.ro\/\",\"name\":\"Green Acoustics\",\"description\":\"Welcome on the website of Green Acoustics\",\"potentialAction\":[{\"@type\":\"SearchAction\",\"target\":{\"@type\":\"EntryPoint\",\"urlTemplate\":\"https:\/\/www.green-acoustics.ro\/?s={search_term_string}\"},\"query-input\":\"required name=search_term_string\"}],\"inLanguage\":\"en-US\"}]}<\/script>\n<!-- \/ Yoast SEO plugin. -->","yoast_head_json":{"title":"Vibration and Shock Protection - Green Acoustics","robots":{"index":"index","follow":"follow","max-snippet":"max-snippet:-1","max-image-preview":"max-image-preview:large","max-video-preview":"max-video-preview:-1"},"canonical":"https:\/\/www.green-acoustics.ro\/protectia-la-vibratii-si-socuri\/","og_locale":"en_US","og_type":"article","og_title":"Vibration and Shock Protection - Green Acoustics","og_description":"With multi-channel measuring the vibration levels can be determined synchronously over a wide frequency range. This allows the measurements to detect the vibration transmissibility in the ground and in buildings to determine the vibration effects on humans, buildings or sensitive facilities. With multiple measurements of this kind, for example we are able to determine an [&hellip;]","og_url":"https:\/\/www.green-acoustics.ro\/protectia-la-vibratii-si-socuri\/","og_site_name":"Green Acoustics","article_publisher":"https:\/\/www.facebook.com\/Green-Acoustics-220300775012960","twitter_card":"summary_large_image","twitter_misc":{"Est. reading time":"2 minutes"},"schema":{"@context":"https:\/\/schema.org","@graph":[{"@type":"WebPage","@id":"https:\/\/www.green-acoustics.ro\/protectia-la-vibratii-si-socuri\/","url":"https:\/\/www.green-acoustics.ro\/protectia-la-vibratii-si-socuri\/","name":"Vibration and Shock Protection - Green Acoustics","isPartOf":{"@id":"https:\/\/www.green-acoustics.ro\/#website"},"datePublished":"2016-04-21T19:06:58+00:00","dateModified":"2016-04-21T19:06:58+00:00","breadcrumb":{"@id":"https:\/\/www.green-acoustics.ro\/protectia-la-vibratii-si-socuri\/#breadcrumb"},"inLanguage":"en-US","potentialAction":[{"@type":"ReadAction","target":["https:\/\/www.green-acoustics.ro\/protectia-la-vibratii-si-socuri\/"]}]},{"@type":"BreadcrumbList","@id":"https:\/\/www.green-acoustics.ro\/protectia-la-vibratii-si-socuri\/#breadcrumb","itemListElement":[{"@type":"ListItem","position":1,"name":"Prima pagin\u0103","item":"https:\/\/www.green-acoustics.ro\/"},{"@type":"ListItem","position":2,"name":"Protec\u0163ia la vibra\u0163ii \u015fi \u015focuri"}]},{"@type":"WebSite","@id":"https:\/\/www.green-acoustics.ro\/#website","url":"https:\/\/www.green-acoustics.ro\/","name":"Green Acoustics","description":"Welcome on the website of Green Acoustics","potentialAction":[{"@type":"SearchAction","target":{"@type":"EntryPoint","urlTemplate":"https:\/\/www.green-acoustics.ro\/?s={search_term_string}"},"query-input":"required name=search_term_string"}],"inLanguage":"en-US"}]}},"_links":{"self":[{"href":"https:\/\/www.green-acoustics.ro\/en\/wp-json\/wp\/v2\/pages\/19"}],"collection":[{"href":"https:\/\/www.green-acoustics.ro\/en\/wp-json\/wp\/v2\/pages"}],"about":[{"href":"https:\/\/www.green-acoustics.ro\/en\/wp-json\/wp\/v2\/types\/page"}],"author":[{"embeddable":true,"href":"https:\/\/www.green-acoustics.ro\/en\/wp-json\/wp\/v2\/users\/1"}],"replies":[{"embeddable":true,"href":"https:\/\/www.green-acoustics.ro\/en\/wp-json\/wp\/v2\/comments?post=19"}],"version-history":[{"count":1,"href":"https:\/\/www.green-acoustics.ro\/en\/wp-json\/wp\/v2\/pages\/19\/revisions"}],"predecessor-version":[{"id":20,"href":"https:\/\/www.green-acoustics.ro\/en\/wp-json\/wp\/v2\/pages\/19\/revisions\/20"}],"wp:attachment":[{"href":"https:\/\/www.green-acoustics.ro\/en\/wp-json\/wp\/v2\/media?parent=19"}],"curies":[{"name":"wp","href":"https:\/\/api.w.org\/{rel}","templated":true}]}}